{"id":712,"date":"2017-11-05T08:25:16","date_gmt":"2017-11-05T08:25:16","guid":{"rendered":"http:\/\/www.muzikoterapeuti.hr\/?page_id=712"},"modified":"2017-11-05T17:30:26","modified_gmt":"2017-11-05T17:30:26","slug":"himna-muzikoterapeuta","status":"publish","type":"page","link":"http:\/\/www.muzikoterapeuti.hr\/?page_id=712","title":{"rendered":"Pjesma studenata muzikoterapije"},"content":{"rendered":"<p><strong>MI SLAVIMO LJUBAV<\/strong><br \/>\nGlazba i tekst: Marina Hojsak<br \/>\nAran\u017eman: Daniel Hojsak<br \/>\nIzvode studenti poslijediplomskog sveu\u010dili\u0161nog sudija Kreativne terapije, smjer Muzikoterapija, Sveu\u010dili\u0161ta Josipa Jurja Strossmayera u Osijeku, Umjetni\u010dka akademija u Osijeku.<\/p>\n<p>vokalno instrumentalna izvedba<br \/>\n<!--[if lt IE 9]><script>document.createElement('audio');<\/script><![endif]-->\n<audio class=\"wp-audio-shortcode\" id=\"audio-712-1\" preload=\"none\" style=\"width: 100%;\" controls=\"controls\"><source type=\"audio\/mpeg\" src=\"http:\/\/www.muzikoterapeuti.hr\/wp-content\/uploads\/2017\/11\/MiSlavimoLjubavmaster128.mp3?_=1\" \/><a href=\"http:\/\/www.muzikoterapeuti.hr\/wp-content\/uploads\/2017\/11\/MiSlavimoLjubavmaster128.mp3\">http:\/\/www.muzikoterapeuti.hr\/wp-content\/uploads\/2017\/11\/MiSlavimoLjubavmaster128.mp3<\/a><\/audio><\/p>\n<p>instrumentalna izvedba<br \/>\n<audio class=\"wp-audio-shortcode\" id=\"audio-712-2\" preload=\"none\" style=\"width: 100%;\" controls=\"controls\"><source type=\"audio\/mpeg\" src=\"http:\/\/www.muzikoterapeuti.hr\/wp-content\/uploads\/2017\/11\/MiSlavimoLjubavinstrumental128.mp3?_=2\" \/><a href=\"http:\/\/www.muzikoterapeuti.hr\/wp-content\/uploads\/2017\/11\/MiSlavimoLjubavinstrumental128.mp3\">http:\/\/www.muzikoterapeuti.hr\/wp-content\/uploads\/2017\/11\/MiSlavimoLjubavinstrumental128.mp3<\/a><\/audio><\/p>\n<p style=\"text-align: center;\">download:\u00a0 <a href=\"http:\/\/www.muzikoterapeuti.hr\/wp-content\/uploads\/2017\/11\/MiSlavimoLjubavmaster128.mp3\">master<\/a>\u00a0 <a href=\"http:\/\/www.muzikoterapeuti.hr\/wp-content\/uploads\/2017\/11\/MiSlavimoLjubavinstrumental128.mp3\">instrumental<\/a>\u00a0 (MP3, cca 3,7 MB)<\/p>\n<table width=\"100%\">\n<tbody>\n<tr>\n<td valign=\"top\" width=\"50%\"><strong>MI SLAVIMO LJUBAV<\/strong><strong>Glazba i tekst: Marina Hojsak<\/strong><br \/>\n<strong> Aran\u017eman: Daniel Hojsak<\/strong><\/p>\n<p>\u010caroban svijet gdje svatko je lijep<br \/>\nGdje svatko ima ono ne\u0161to<br \/>\n\u0160to vodi ga, \u0161to dr\u017ei ga<br \/>\n\u0160to \u010dini ga \u010dovjekom<\/p>\n<p>I daj pru\u017ei ruku onom tko te sad treba<br \/>\nI daj mali osmijeh ali velik do neba<\/p>\n<p>Mi slavimo ljubav<br \/>\nMi \u017eelimo sre\u0107u<br \/>\nGlazba te lije\u010di<br \/>\nOna je snaga<br \/>\nMi slavimo ljubav<br \/>\nMi \u017eelimo sre\u0107u<br \/>\nPjesma je moja utjeha, nada<\/p>\n<p>\u010caroban svijet, gdje je mogu\u0107e<br \/>\nDa volim te a ne poznajem<br \/>\nGdje nitko te ne osu\u0111uje<br \/>\nGdje nisi broj nego \u010dovjek<\/td>\n<td valign=\"top\" width=\"50%\"><strong>WE CELEBRATE LOVE<\/strong><strong>Music and Lyrics: Marina Hojsak<\/strong><br \/>\n<strong> Arrangement: Daniel Hojsak<\/strong><\/p>\n<p>Magical world where everyone is beautiful<br \/>\nWhere everyone has that little something<br \/>\nThat guides him, that holds him,<br \/>\nThat makes him a human being<\/p>\n<p>So come on, give a hand to the one that needs you now<br \/>\nSo come on, give a little smile which is greater than the sky<\/p>\n<p>We celebrate love<br \/>\nWe wish for happiness<br \/>\nMusic is healing you<br \/>\nIt is our strength<br \/>\nWe celebrate love<br \/>\nWe wish for happiness<br \/>\nThe song is my comfort, my hope<\/p>\n<p>Magical world where it is possible<br \/>\nTo love you and not to know you<br \/>\nWhere no one is judging you<br \/>\nWhere you are not a number but a human<\/td>\n<\/tr>\n<\/tbody>\n<\/table>\n","protected":false},"excerpt":{"rendered":"<p>MI SLAVIMO LJUBAV Glazba i tekst: Marina Hojsak Aran\u017eman: Daniel Hojsak Izvode studenti poslijediplomskog sveu\u010dili\u0161nog sudija Kreativne terapije, smjer Muzikoterapija, Sveu\u010dili\u0161ta Josipa Jurja Strossmayera u Osijeku, Umjetni\u010dka akademija u Osijeku. vokalno instrumentalna izvedba instrumentalna izvedba download:\u00a0 master\u00a0 instrumental\u00a0 (MP3, cca 3,7 MB) MI SLAVIMO LJUBAVGlazba i tekst: Marina Hojsak Aran\u017eman: Daniel Hojsak \u010caroban svijet gdje &hellip; <a href=\"http:\/\/www.muzikoterapeuti.hr\/?page_id=712\" class=\"more-link\">Nastavi \u010ditati <span class=\"screen-reader-text\">Pjesma studenata muzikoterapije<\/span> <span class=\"meta-nav\">&rarr;<\/span><\/a><\/p>\n","protected":false},"author":1,"featured_media":0,"parent":0,"menu_order":0,"comment_status":"closed","ping_status":"closed","template":"","meta":[],"_links":{"self":[{"href":"http:\/\/www.muzikoterapeuti.hr\/index.php?rest_route=\/wp\/v2\/pages\/712"}],"collection":[{"href":"http:\/\/www.muzikoterapeuti.hr\/index.php?rest_route=\/wp\/v2\/pages"}],"about":[{"href":"http:\/\/www.muzikoterapeuti.hr\/index.php?rest_route=\/wp\/v2\/types\/page"}],"author":[{"embeddable":true,"href":"http:\/\/www.muzikoterapeuti.hr\/index.php?rest_route=\/wp\/v2\/users\/1"}],"replies":[{"embeddable":true,"href":"http:\/\/www.muzikoterapeuti.hr\/index.php?rest_route=%2Fwp%2Fv2%2Fcomments&post=712"}],"version-history":[{"count":5,"href":"http:\/\/www.muzikoterapeuti.hr\/index.php?rest_route=\/wp\/v2\/pages\/712\/revisions"}],"predecessor-version":[{"id":721,"href":"http:\/\/www.muzikoterapeuti.hr\/index.php?rest_route=\/wp\/v2\/pages\/712\/revisions\/721"}],"wp:attachment":[{"href":"http:\/\/www.muzikoterapeuti.hr\/index.php?rest_route=%2Fwp%2Fv2%2Fmedia&parent=712"}],"curies":[{"name":"wp","href":"https:\/\/api.w.org\/{rel}","templated":true}]}}