{"id":28,"date":"2013-11-08T19:40:51","date_gmt":"2013-11-08T19:40:51","guid":{"rendered":"http:\/\/www.muzikoterapeuti.hr\/?page_id=28"},"modified":"2015-06-05T11:54:48","modified_gmt":"2015-06-05T11:54:48","slug":"upravni-odbor","status":"publish","type":"page","link":"https:\/\/www.muzikoterapeuti.hr\/?page_id=28","title":{"rendered":"Upravni odbor"},"content":{"rendered":"<p>Popis \u010dlanova tijela upravljanja:<\/p>\n<p>Predsjednica: dr. sc. Ana Katu\u0161i\u0107,\u00a0ana@malidom.hr<\/p>\n<p><span style=\"line-height: 1.5;\">\u010clanovi\u00a0<\/span><span style=\"color: #008000;\"><strong style=\"line-height: 1.5;\">Upravnog odbora <\/strong><\/span><span style=\"line-height: 1.5;\">Hrvatske udruge muzikoterape<\/span><span style=\"line-height: 1.5;\">uta za <\/span><span style=\"color: #008000;\">2015 -2018.<\/span><br \/>\ndr. s<span style=\"line-height: 1.5;\">c. Ksenija Buri\u0107, prof. klavira \u2013 dopredsjednica, ksenijaburic@yahoo.com<\/span><br \/>\n<span style=\"line-height: 1.5;\">Josipa \u0106orluka \u2013 tajnik<\/span><br \/>\nSilvija Sarapa \u2013 blagajnik<\/p>\n<p>&nbsp;<\/p>\n<p>&nbsp;<\/p>\n","protected":false},"excerpt":{"rendered":"<p>Popis \u010dlanova tijela upravljanja: Predsjednica: dr. sc. Ana Katu\u0161i\u0107,\u00a0ana@malidom.hr \u010clanovi\u00a0Upravnog odbora Hrvatske udruge muzikoterapeuta za 2015 -2018. dr. sc. Ksenija Buri\u0107, prof. klavira \u2013 dopredsjednica, ksenijaburic@yahoo.com Josipa \u0106orluka \u2013 tajnik Silvija Sarapa \u2013 blagajnik &nbsp; &nbsp;<\/p>\n","protected":false},"author":3,"featured_media":0,"parent":6,"menu_order":0,"comment_status":"closed","ping_status":"closed","template":"","meta":[],"_links":{"self":[{"href":"https:\/\/www.muzikoterapeuti.hr\/index.php?rest_route=\/wp\/v2\/pages\/28"}],"collection":[{"href":"https:\/\/www.muzikoterapeuti.hr\/index.php?rest_route=\/wp\/v2\/pages"}],"about":[{"href":"https:\/\/www.muzikoterapeuti.hr\/index.php?rest_route=\/wp\/v2\/types\/page"}],"author":[{"embeddable":true,"href":"https:\/\/www.muzikoterapeuti.hr\/index.php?rest_route=\/wp\/v2\/users\/3"}],"replies":[{"embeddable":true,"href":"https:\/\/www.muzikoterapeuti.hr\/index.php?rest_route=%2Fwp%2Fv2%2Fcomments&post=28"}],"version-history":[{"count":14,"href":"https:\/\/www.muzikoterapeuti.hr\/index.php?rest_route=\/wp\/v2\/pages\/28\/revisions"}],"predecessor-version":[{"id":546,"href":"https:\/\/www.muzikoterapeuti.hr\/index.php?rest_route=\/wp\/v2\/pages\/28\/revisions\/546"}],"up":[{"embeddable":true,"href":"https:\/\/www.muzikoterapeuti.hr\/index.php?rest_route=\/wp\/v2\/pages\/6"}],"wp:attachment":[{"href":"https:\/\/www.muzikoterapeuti.hr\/index.php?rest_route=%2Fwp%2Fv2%2Fmedia&parent=28"}],"curies":[{"name":"wp","href":"https:\/\/api.w.org\/{rel}","templated":true}]}}