{"id":4,"date":"2013-11-07T11:28:51","date_gmt":"2013-11-07T11:28:51","guid":{"rendered":"http:\/\/www.muzikoterapeuti.hr\/?page_id=4"},"modified":"2025-08-19T08:25:30","modified_gmt":"2025-08-19T08:25:30","slug":"4-2","status":"publish","type":"page","link":"https:\/\/www.muzikoterapeuti.hr\/","title":{"rendered":""},"content":{"rendered":"<p style=\"text-align: left;\"><i><span style=\"color: #000000;\"><strong>Hrvatska udruga muzikoterapeuta (HUM) <\/strong><\/span>posve\u0107ena je razvoju i promociji muzikoterapije u Hrvatskoj. <\/i><i>HUM podupire razvoj obrazovnih programa, klini\u010dke prakse i istra\u017eivanja koji&nbsp;doprinose utemeljenju muzikoterapije kao znanstvene discipline u Hrvatskoj.<\/i><\/p>\n<p style=\"text-align: left;\"><\/p>\n\n\n<div class=\"is-layout-flex wp-container-3 wp-block-columns\">\n<div class=\"is-layout-flow wp-block-column\">\n<figure class=\"wp-block-image size-large\"><a href=\"http:\/\/www.muzikoterapeuti.hr\/wp-content\/uploads\/2025\/08\/edu2025_1.pdf\"><img decoding=\"async\" loading=\"lazy\" width=\"732\" height=\"1024\" src=\"https:\/\/www.muzikoterapeuti.hr\/wp-content\/uploads\/2025\/08\/edu2025_1-732x1024.png\" alt=\"\" class=\"wp-image-915\" srcset=\"https:\/\/www.muzikoterapeuti.hr\/wp-content\/uploads\/2025\/08\/edu2025_1-732x1024.png 732w, https:\/\/www.muzikoterapeuti.hr\/wp-content\/uploads\/2025\/08\/edu2025_1-214x300.png 214w, https:\/\/www.muzikoterapeuti.hr\/wp-content\/uploads\/2025\/08\/edu2025_1-768x1075.png 768w, https:\/\/www.muzikoterapeuti.hr\/wp-content\/uploads\/2025\/08\/edu2025_1-1098x1536.png 1098w, https:\/\/www.muzikoterapeuti.hr\/wp-content\/uploads\/2025\/08\/edu2025_1.png 1305w\" sizes=\"(max-width: 732px) 100vw, 732px\" \/><\/a><\/figure>\n<\/div>\n\n\n\n<div class=\"is-layout-flow wp-block-column\">\n<p class=\"has-text-align-left\">Hrvatska Orff Schulwerk udruga HOSU i Hrvatska udruga muzikoterapeuta HUM<br>objavljuju upis na prvi stupanj edukacije <strong>Primjena muzikoterapije u radu s osobama s razvojnim<br>te\u0161ko\u0107ama i s ranjivim skupinama.<\/strong><br><\/p>\n<\/div>\n<\/div>\n","protected":false},"excerpt":{"rendered":"<p>Hrvatska udruga muzikoterapeuta (HUM) posve\u0107ena je razvoju i promociji muzikoterapije u Hrvatskoj. HUM podupire razvoj obrazovnih programa, klini\u010dke prakse i istra\u017eivanja koji&nbsp;doprinose utemeljenju muzikoterapije kao znanstvene discipline u Hrvatskoj. Hrvatska Orff Schulwerk udruga HOSU i Hrvatska udruga muzikoterapeuta HUMobjavljuju upis na prvi stupanj edukacije Primjena muzikoterapije u radu s osobama s razvojnimte\u0161ko\u0107ama i s ranjivim &hellip; <a href=\"https:\/\/www.muzikoterapeuti.hr\/\" class=\"more-link\">Nastavi \u010ditati <span class=\"screen-reader-text\"><\/span> <span class=\"meta-nav\">&rarr;<\/span><\/a><\/p>\n","protected":false},"author":1,"featured_media":0,"parent":0,"menu_order":0,"comment_status":"open","ping_status":"open","template":"","meta":[],"_links":{"self":[{"href":"https:\/\/www.muzikoterapeuti.hr\/index.php?rest_route=\/wp\/v2\/pages\/4"}],"collection":[{"href":"https:\/\/www.muzikoterapeuti.hr\/index.php?rest_route=\/wp\/v2\/pages"}],"about":[{"href":"https:\/\/www.muzikoterapeuti.hr\/index.php?rest_route=\/wp\/v2\/types\/page"}],"author":[{"embeddable":true,"href":"https:\/\/www.muzikoterapeuti.hr\/index.php?rest_route=\/wp\/v2\/users\/1"}],"replies":[{"embeddable":true,"href":"https:\/\/www.muzikoterapeuti.hr\/index.php?rest_route=%2Fwp%2Fv2%2Fcomments&post=4"}],"version-history":[{"count":49,"href":"https:\/\/www.muzikoterapeuti.hr\/index.php?rest_route=\/wp\/v2\/pages\/4\/revisions"}],"predecessor-version":[{"id":917,"href":"https:\/\/www.muzikoterapeuti.hr\/index.php?rest_route=\/wp\/v2\/pages\/4\/revisions\/917"}],"wp:attachment":[{"href":"https:\/\/www.muzikoterapeuti.hr\/index.php?rest_route=%2Fwp%2Fv2%2Fmedia&parent=4"}],"curies":[{"name":"wp","href":"https:\/\/api.w.org\/{rel}","templated":true}]}}