{"id":496,"date":"2015-06-05T08:02:03","date_gmt":"2015-06-05T08:02:03","guid":{"rendered":"http:\/\/www.muzikoterapeuti.hr\/?page_id=496"},"modified":"2017-05-09T11:04:16","modified_gmt":"2017-05-09T11:04:16","slug":"javno-predavanje","status":"publish","type":"page","link":"https:\/\/www.muzikoterapeuti.hr\/?page_id=496","title":{"rendered":"Javna predavanja"},"content":{"rendered":"<pre style=\"text-align: left;\"><span style=\"color: #000000;\">Hrvatska udruga muzikoterapeuta \u0107e se predstaviti na Okruglom stolu u Domu za starije osobe Pe\u0161\u0107enica 11. svibnja 2017.<\/span><\/pre>\n<p style=\"text-align: left;\">Prezentaciju \u0107e odr\u017eati <em>Silvija Sarapa<\/em>, \u00a0apsolventica MA.<\/p>\n<p style=\"text-align: left;\">Predavanje \u0107e predstaviti primjenu muzike u tre\u0107oj \u017eivotnoj dobi te kako i na koji na\u010din muzikoterapija utje\u0107e na stare ljude.<\/p>\n<p style=\"text-align: center;\">\n","protected":false},"excerpt":{"rendered":"<p>Hrvatska udruga muzikoterapeuta \u0107e se predstaviti na Okruglom stolu u Domu za starije osobe Pe\u0161\u0107enica 11. svibnja 2017. Prezentaciju \u0107e odr\u017eati Silvija Sarapa, \u00a0apsolventica MA. Predavanje \u0107e predstaviti primjenu muzike u tre\u0107oj \u017eivotnoj dobi te kako i na koji na\u010din muzikoterapija utje\u0107e na stare ljude.<\/p>\n","protected":false},"author":3,"featured_media":0,"parent":0,"menu_order":0,"comment_status":"closed","ping_status":"closed","template":"","meta":[],"_links":{"self":[{"href":"https:\/\/www.muzikoterapeuti.hr\/index.php?rest_route=\/wp\/v2\/pages\/496"}],"collection":[{"href":"https:\/\/www.muzikoterapeuti.hr\/index.php?rest_route=\/wp\/v2\/pages"}],"about":[{"href":"https:\/\/www.muzikoterapeuti.hr\/index.php?rest_route=\/wp\/v2\/types\/page"}],"author":[{"embeddable":true,"href":"https:\/\/www.muzikoterapeuti.hr\/index.php?rest_route=\/wp\/v2\/users\/3"}],"replies":[{"embeddable":true,"href":"https:\/\/www.muzikoterapeuti.hr\/index.php?rest_route=%2Fwp%2Fv2%2Fcomments&post=496"}],"version-history":[{"count":8,"href":"https:\/\/www.muzikoterapeuti.hr\/index.php?rest_route=\/wp\/v2\/pages\/496\/revisions"}],"predecessor-version":[{"id":674,"href":"https:\/\/www.muzikoterapeuti.hr\/index.php?rest_route=\/wp\/v2\/pages\/496\/revisions\/674"}],"wp:attachment":[{"href":"https:\/\/www.muzikoterapeuti.hr\/index.php?rest_route=%2Fwp%2Fv2%2Fmedia&parent=496"}],"curies":[{"name":"wp","href":"https:\/\/api.w.org\/{rel}","templated":true}]}}