{"id":6,"date":"2013-11-07T11:32:35","date_gmt":"2013-11-07T11:32:35","guid":{"rendered":"http:\/\/www.muzikoterapeuti.hr\/?page_id=6"},"modified":"2015-06-05T11:54:17","modified_gmt":"2015-06-05T11:54:17","slug":"o-nama","status":"publish","type":"page","link":"https:\/\/www.muzikoterapeuti.hr\/?page_id=6","title":{"rendered":"O nama"},"content":{"rendered":"<p><a href=\"http:\/\/www.muzikoterapeuti.hr\/wp-content\/uploads\/2013\/11\/foto-web_2.jpg\"><img decoding=\"async\" loading=\"lazy\" class=\"size-full wp-image-346 alignright\" src=\"http:\/\/www.muzikoterapeuti.hr\/wp-content\/uploads\/2013\/11\/foto-web_2.jpg\" alt=\"foto-web_2\" width=\"275\" height=\"400\" srcset=\"https:\/\/www.muzikoterapeuti.hr\/wp-content\/uploads\/2013\/11\/foto-web_2.jpg 275w, https:\/\/www.muzikoterapeuti.hr\/wp-content\/uploads\/2013\/11\/foto-web_2-206x300.jpg 206w\" sizes=\"(max-width: 275px) 100vw, 275px\" \/><\/a><span style=\"color: #ff6600;\"><span style=\"color: #000000;\"><strong>Hrvatska udruga muzikote<\/strong><\/span><\/span><span style=\"color: #ff6600;\"><span style=\"color: #000000;\"><strong>rapeuta (HUM)<\/strong><\/span><\/span> posve\u0107ena je razvoju i promociji muzikoterapije u Hrvatskoj.<br \/>\nHUM podupire razvoj obrazovnih programa, klini\u010dke prakse i istra\u017eivanja koji doprinose utemeljenju muzikoterapije kao znanstvene discipline u Hrvatskoj.<\/p>\n<p>Cilj udruge je razvijati i \u0161iriti teoriju i praksu muzikoterapije metodi\u010dkim, didakti\u010dkim, dru\u0161tvenim i\u00a0savjetodavnim putem u pedago\u0161koj, rehabilitacijskoj i terapeutskoj praksi.<\/p>\n<p>Svrha udruge je okupljanje\u00a0i organiziranje stru\u010dnjaka koji stru\u010dno djeluju na podru\u010dju muzikoterapije.<\/p>\n<p>HUM nastoji ostvariti svoje ciljeve kroz sljede\u0107e djelatnosti:<\/p>\n<ul>\n<li>Informiranje stru\u010dnjaka i javnosti o rezultatima postignutim na podru\u010dju<br \/>\nmuzikoterapije \u00a0u\u00a0Hrvatskoj i inozemstvu<\/li>\n<li>Poticanje i organiziranje edukacije i stru\u010dnog usavr\u0161avanja \u010dlanova udruge<\/li>\n<li>Organiziranje stru\u010dnih seminara, simpozija, kongresa i konferencija za \u010dlanove<\/li>\n<li>Organiziranje javnih predavanja i popularizacija muzikoterapije<\/li>\n<li>Objavljivanje najnovijih zbivanja na podru\u010dju muzikoterapije putem sredstava<br \/>\njavnog\u00a0informiranja<\/li>\n<li>Uspostavljanje i odr\u017eavanje suradnje s me\u0111unarodnim strukovnim udru\u017eenjima<br \/>\ni\u00a0organizacijama na podru\u010dju muzikoterapije<\/li>\n<li>Sudjelovanje pri izradi metodi\u010dkih i didakti\u010dkih programa muzikoterapije<\/li>\n<li>Izdava\u010dka djelatnost u vezi primarne djelatnosti udruge sukladno zakonu<\/li>\n<li>Rad na ostalim zadacima u cilju pobolj\u0161anja i razvoja muzikoterapije<\/li>\n<\/ul>\n<p><span style=\"color: #008000;\"><a style=\"color: #008000;\" title=\"STATUT\" href=\"http:\/\/www.muzikoterapeuti.hr\/wp-content\/uploads\/2013\/11\/HUMstatut.pdf\" target=\"_blank\">STATUT<\/a><\/span><\/p>\n<p><span style=\"color: #ff6600;\"><strong>\u00a0<\/strong><\/span><\/p>\n<p>&nbsp;<\/p>\n","protected":false},"excerpt":{"rendered":"<p>Hrvatska udruga muzikoterapeuta (HUM) posve\u0107ena je razvoju i promociji muzikoterapije u Hrvatskoj. HUM podupire razvoj obrazovnih programa, klini\u010dke prakse i istra\u017eivanja koji doprinose utemeljenju muzikoterapije kao znanstvene discipline u Hrvatskoj. Cilj udruge je razvijati i \u0161iriti teoriju i praksu muzikoterapije metodi\u010dkim, didakti\u010dkim, dru\u0161tvenim i\u00a0savjetodavnim putem u pedago\u0161koj, rehabilitacijskoj i terapeutskoj praksi. Svrha udruge je okupljanje\u00a0i &hellip; <a href=\"https:\/\/www.muzikoterapeuti.hr\/?page_id=6\" class=\"more-link\">Nastavi \u010ditati <span class=\"screen-reader-text\">O nama<\/span> <span class=\"meta-nav\">&rarr;<\/span><\/a><\/p>\n","protected":false},"author":1,"featured_media":0,"parent":0,"menu_order":0,"comment_status":"closed","ping_status":"closed","template":"","meta":[],"_links":{"self":[{"href":"https:\/\/www.muzikoterapeuti.hr\/index.php?rest_route=\/wp\/v2\/pages\/6"}],"collection":[{"href":"https:\/\/www.muzikoterapeuti.hr\/index.php?rest_route=\/wp\/v2\/pages"}],"about":[{"href":"https:\/\/www.muzikoterapeuti.hr\/index.php?rest_route=\/wp\/v2\/types\/page"}],"author":[{"embeddable":true,"href":"https:\/\/www.muzikoterapeuti.hr\/index.php?rest_route=\/wp\/v2\/users\/1"}],"replies":[{"embeddable":true,"href":"https:\/\/www.muzikoterapeuti.hr\/index.php?rest_route=%2Fwp%2Fv2%2Fcomments&post=6"}],"version-history":[{"count":26,"href":"https:\/\/www.muzikoterapeuti.hr\/index.php?rest_route=\/wp\/v2\/pages\/6\/revisions"}],"predecessor-version":[{"id":545,"href":"https:\/\/www.muzikoterapeuti.hr\/index.php?rest_route=\/wp\/v2\/pages\/6\/revisions\/545"}],"wp:attachment":[{"href":"https:\/\/www.muzikoterapeuti.hr\/index.php?rest_route=%2Fwp%2Fv2%2Fmedia&parent=6"}],"curies":[{"name":"wp","href":"https:\/\/api.w.org\/{rel}","templated":true}]}}