{"id":678,"date":"2017-05-16T10:57:09","date_gmt":"2017-05-16T10:57:09","guid":{"rendered":"http:\/\/www.muzikoterapeuti.hr\/?page_id=678"},"modified":"2017-05-16T11:05:11","modified_gmt":"2017-05-16T11:05:11","slug":"okrugli-stolovi","status":"publish","type":"page","link":"https:\/\/www.muzikoterapeuti.hr\/?page_id=678","title":{"rendered":"OKRUGLI STOLOVI"},"content":{"rendered":"<ul>\n<li>OKRUGLI STOL 2017:\u00a0<a href=\"http:\/\/www.muzikoterapeuti.hr\/?p=675\">Intervizija klini\u010dkog rada<\/a><\/li>\n<li>OKRUGLI STOL 2014: <a href=\"http:\/\/www.muzikoterapeuti.hr\/?page_id=463\">Muzika u tretmanu osoba s psihi\u010dkim poreme\u0107ajima<\/a><\/li>\n<\/ul>\n","protected":false},"excerpt":{"rendered":"<p>OKRUGLI STOL 2017:\u00a0Intervizija klini\u010dkog rada OKRUGLI STOL 2014: Muzika u tretmanu osoba s psihi\u010dkim poreme\u0107ajima<\/p>\n","protected":false},"author":1,"featured_media":0,"parent":0,"menu_order":0,"comment_status":"closed","ping_status":"closed","template":"","meta":[],"_links":{"self":[{"href":"https:\/\/www.muzikoterapeuti.hr\/index.php?rest_route=\/wp\/v2\/pages\/678"}],"collection":[{"href":"https:\/\/www.muzikoterapeuti.hr\/index.php?rest_route=\/wp\/v2\/pages"}],"about":[{"href":"https:\/\/www.muzikoterapeuti.hr\/index.php?rest_route=\/wp\/v2\/types\/page"}],"author":[{"embeddable":true,"href":"https:\/\/www.muzikoterapeuti.hr\/index.php?rest_route=\/wp\/v2\/users\/1"}],"replies":[{"embeddable":true,"href":"https:\/\/www.muzikoterapeuti.hr\/index.php?rest_route=%2Fwp%2Fv2%2Fcomments&post=678"}],"version-history":[{"count":4,"href":"https:\/\/www.muzikoterapeuti.hr\/index.php?rest_route=\/wp\/v2\/pages\/678\/revisions"}],"predecessor-version":[{"id":683,"href":"https:\/\/www.muzikoterapeuti.hr\/index.php?rest_route=\/wp\/v2\/pages\/678\/revisions\/683"}],"wp:attachment":[{"href":"https:\/\/www.muzikoterapeuti.hr\/index.php?rest_route=%2Fwp%2Fv2%2Fmedia&parent=678"}],"curies":[{"name":"wp","href":"https:\/\/api.w.org\/{rel}","templated":true}]}}