{"id":8,"date":"2013-11-07T11:33:47","date_gmt":"2013-11-07T11:33:47","guid":{"rendered":"http:\/\/www.muzikoterapeuti.hr\/?page_id=8"},"modified":"2015-06-05T12:34:28","modified_gmt":"2015-06-05T12:34:28","slug":"clanstvo","status":"publish","type":"page","link":"https:\/\/www.muzikoterapeuti.hr\/?page_id=8","title":{"rendered":"\u010clanstvo"},"content":{"rendered":"<p>\u010clanom Hrvatske udruge muzikoterapeuta mo\u017ee postati svaka fizi\u010dka osoba,<br \/>\ndoma\u0107a ili strana, koja prihva\u0107a Statut i daje svoj\u00a0doprinos ostvarivanju<br \/>\nciljeva i zadataka navedenih u Statutu.<br \/>\n\u010clanovi Hrvatske udruge muzikoterapeuta su redovni \u010dlanovi,\u00a0\u010dlanovi prijatelji<br \/>\ni po\u010dasni \u010dlanovi.<\/p>\n<ul>\n<li><span style=\"color: #008000;\"><em>Redovnim \u010dlanom<\/em><\/span> mo\u017ee postati osoba koja je stru\u010dno vezana uz podru\u010dje djelovanja HUM.<\/li>\n<li><span style=\"color: #008000;\"><em>\u010clanom prijateljem<\/em><\/span> mo\u017ee postati svaka osoba koja \u017eeli sudjelovati u radu i promicanju interesa HUM.<\/li>\n<li><span style=\"color: #008000;\"><em>Po\u010dasnim \u010dlanom<\/em><\/span> postaje osoba osobito zaslu\u017ena za promicanje ideja i aktivnosti udruge, a odluku o\u00a0po\u010dasnom \u010dlanstvu donosi Skup\u0161tina na prijedlog Predsjedni\u0161tva.<\/li>\n<\/ul>\n<p><span style=\"line-height: 1.5;\">Primanje u redovno \u010dlanstvo i \u010dlanstvo prijatelja inicira se ispunjavanjem pristupnice,<\/span><br \/>\na o primanju\u00a0odlu\u010duje Predsjedni\u0161tvo.<\/p>\n<p>Redoviti \u010dlanovi imaju pravo:<\/p>\n<ul>\n<li>Sudjelovati u svim djelatnostima HUM kao \u0161to su stru\u010dni sastanci, seminari, skup\u0161tine,\u00a0objavljivanje izvje\u0161\u0107a<\/li>\n<li>Objavljivati rezultate rada uz suglasnost Predsjedni\u0161tva<\/li>\n<li>Sudjelovati u provo\u0111enju odluka organa udruge<\/li>\n<li>Koristiti zajedni\u010dka postignu\u0107a i rezultate udruge<\/li>\n<li>Birati i biti birani u sva tijela HUM<\/li>\n<\/ul>\n<p>Redoviti \u010dlanovi du\u017eni su:<\/p>\n<ul>\n<li>Svojim radom doprinositi u ostvarivanju programa i zadataka HUM<\/li>\n<li>Uredno pla\u0107ati \u010dlanarinu \u010diju je visinu odredila Skup\u0161tina udruge<\/li>\n<li>Po\u0161tivati Statut i ostale akte vezane uz rad i ustroj HUM<\/li>\n<\/ul>\n<h3><\/h3>\n","protected":false},"excerpt":{"rendered":"<p>\u010clanom Hrvatske udruge muzikoterapeuta mo\u017ee postati svaka fizi\u010dka osoba, doma\u0107a ili strana, koja prihva\u0107a Statut i daje svoj\u00a0doprinos ostvarivanju ciljeva i zadataka navedenih u Statutu. \u010clanovi Hrvatske udruge muzikoterapeuta su redovni \u010dlanovi,\u00a0\u010dlanovi prijatelji i po\u010dasni \u010dlanovi. Redovnim \u010dlanom mo\u017ee postati osoba koja je stru\u010dno vezana uz podru\u010dje djelovanja HUM. \u010clanom prijateljem mo\u017ee postati svaka osoba &hellip; <a href=\"https:\/\/www.muzikoterapeuti.hr\/?page_id=8\" class=\"more-link\">Nastavi \u010ditati <span class=\"screen-reader-text\">\u010clanstvo<\/span> <span class=\"meta-nav\">&rarr;<\/span><\/a><\/p>\n","protected":false},"author":1,"featured_media":0,"parent":0,"menu_order":20,"comment_status":"closed","ping_status":"closed","template":"","meta":[],"_links":{"self":[{"href":"https:\/\/www.muzikoterapeuti.hr\/index.php?rest_route=\/wp\/v2\/pages\/8"}],"collection":[{"href":"https:\/\/www.muzikoterapeuti.hr\/index.php?rest_route=\/wp\/v2\/pages"}],"about":[{"href":"https:\/\/www.muzikoterapeuti.hr\/index.php?rest_route=\/wp\/v2\/types\/page"}],"author":[{"embeddable":true,"href":"https:\/\/www.muzikoterapeuti.hr\/index.php?rest_route=\/wp\/v2\/users\/1"}],"replies":[{"embeddable":true,"href":"https:\/\/www.muzikoterapeuti.hr\/index.php?rest_route=%2Fwp%2Fv2%2Fcomments&post=8"}],"version-history":[{"count":7,"href":"https:\/\/www.muzikoterapeuti.hr\/index.php?rest_route=\/wp\/v2\/pages\/8\/revisions"}],"predecessor-version":[{"id":571,"href":"https:\/\/www.muzikoterapeuti.hr\/index.php?rest_route=\/wp\/v2\/pages\/8\/revisions\/571"}],"wp:attachment":[{"href":"https:\/\/www.muzikoterapeuti.hr\/index.php?rest_route=%2Fwp%2Fv2%2Fmedia&parent=8"}],"curies":[{"name":"wp","href":"https:\/\/api.w.org\/{rel}","templated":true}]}}